{"id":10102,"date":"2020-04-29T17:15:01","date_gmt":"2020-04-29T21:15:01","guid":{"rendered":"https:\/\/www.explorica.com\/blog\/?page_id=10102"},"modified":"2020-04-30T09:17:09","modified_gmt":"2020-04-30T13:17:09","slug":"iceland-learning-home","status":"publish","type":"page","link":"https:\/\/www.explorica.com\/blog\/iceland-learning-home","title":{"rendered":"Iceland: Learning at Home"},"content":{"rendered":"<h4><strong>Get creative<\/strong><\/h4>\n<p>Organize your art supplies and get to crafting. Consider recreating nature&#8217;s beauty by painting the gorgeous Northern Lights or iconic Icelandic glaciers like Vatnaj\u00f6kull or M\u00fdrdalsj\u00f6kull.<\/p>\n<p><em>Need more inspiration? Check out this <\/em><a href=\"https:\/\/www.youtube.com\/watch?v=dVTdDrchVuU\"><em>virtual hike<\/em><\/a> <em>of one of Iceland&#8217;s glaciers.<\/em><\/p>\n<h4><strong>Pick a film<\/strong><\/h4>\n<p>Watch a movie that relates to your destination. Some ideas for Iceland include:<\/p>\n<ul>\n<li>The Secret Life of Walter Mitty (2013)<\/li>\n<li>Oblivion (2013)<\/li>\n<li>Game of Thrones (2011-2019)<\/li>\n<\/ul>\n<h4><strong>Study some history<\/strong><\/h4>\n<p>Dive deep into the history of specific sites you\u2019ll visit on tour. Study the <a href=\"https:\/\/www.atlasobscura.com\/articles\/what-were-cod-wars\">Cod Wars<\/a>, the only battles Iceland has waged. Discover the beauty of <a href=\"http:\/\/gullfoss.is\/\">Gullfoss Falls<\/a> and how it&#8217;s been protected and preserved, or learn the origins of the <a href=\"https:\/\/www.nat.is\/blue-lagoon-history\/\">Blue Lagoon<\/a>, where a combination of nature, design, and science create a world of wonder and wellness. Then, explore a volcano from above and below with this <a href=\"https:\/\/www.youtube.com\/watch?v=tUaN_tki82o\">virtual tour<\/a>!<\/p>\n<h4><strong>Choose a book<\/strong><\/h4>\n<p>Read and discuss a book that takes place in your destination or describes the local culture. Pick from titles like:<\/p>\n<ul>\n<li><em>The Sagas of the Icelanders <\/em>by Jane Smilely<\/li>\n<li><em>The Fish Can Sing <\/em>by Halldor Laxness<\/li>\n<li><em>Names for the Sea: Strangers in Iceland <\/em>by Sarah Moss<\/li>\n<\/ul>\n<h4><strong>Fill up your plate<\/strong><\/h4>\n<p>Arrange a potluck and encourage your friends to bring a traditional dish from your destination. Know a chef? Hold a virtual cooking class and learn how to cook <a href=\"https:\/\/www.wholefoodsmarket.com\/tips-and-ideas\/archive\/tender-story-icelandic-lamb\">Icelandic lamb<\/a>\u00a0with your travel group, or support a local restaurant that offers delivery\/take-out of your destination\u2019s cuisine. Consider trying <a href=\"https:\/\/www.cooksillustrated.com\/science\/852-articles\/story\/what-is-skyr\">skyr<\/a> (Icelandic yogurt) or <a href=\"https:\/\/www.atlasobscura.com\/foods\/hardfiskur\">har\u00f0fiskur<\/a> (dried fish).<\/p>\n<h4><strong>Learn the language<\/strong><\/h4>\n<p>Call up a friend or set up a group video chat and practice your language skills. It helps to make flashcards with <a href=\"https:\/\/www.theintrepidguide.com\/icelandic-phrases-with-pronunciation\/#.XqrMKqhKi70\">common sayings<\/a> to use on the phone or throughout your travels (think about ordering at restaurants, buying souvenirs, and chatting with locals).<\/p>\n<h4><strong>Did you know?<\/strong><\/h4>\n<p>There are no surnames or family names in Iceland. Instead, Icelanders use the traditional Nordic naming system, which includes a last name that is comprised from their father\u2019s (or mother\u2019s) first name with the addition of -d\u00f3ttir (-daughter) or -son.<\/p>\n<hr \/>\n<h4><span style=\"color: #ff9900;\"><strong>Meet Your Partner in Travel <\/strong><\/span><\/h4>\n<p><a href=\"https:\/\/www.explorica.com\/blog\/wp-content\/uploads\/2020\/04\/Iceland.png\"><img loading=\"lazy\" decoding=\"async\" class=\"alignleft size-thumbnail wp-image-10126\" src=\"https:\/\/www.explorica.com\/blog\/wp-content\/uploads\/2020\/04\/Iceland-200x200.png\" alt=\"\" width=\"200\" height=\"200\" \/><\/a>JP spent the last decade traveling to 40 countries across five continents, in search of a landscape unlike any other. Iceland was that place. With a diverse topography ranging from skyscraper waterfalls and volcanic rolling hills to lakes teaming with glaciers and aquamarine hot lagoons, Iceland truly transports you to another world. JP fell in love with the long desolate country roads and ate as much Icelandic lamb as money could buy. Since then, it has been his #1 recommended travel destination the world over and maintains Iceland as destination he\u2019ll continue to visit again and again\u2026and again.<\/p>\n","protected":false},"excerpt":{"rendered":"<p>Get creative Organize your art supplies and get to crafting. Consider recreating nature&#8217;s beauty by painting the gorgeous Northern Lights or iconic Icelandic glaciers like Vatnaj\u00f6kull or M\u00fdrdalsj\u00f6kull. Need more inspiration? Check out this virtual hike of one of Iceland&#8217;s glaciers. Pick a film Watch a movie that relates to your destination. Some ideas for <a class=\"more-link\" href=\"https:\/\/www.explorica.com\/blog\/iceland-learning-home\">Read More &#8230;<\/a><\/p>\n","protected":false},"author":1,"featured_media":10104,"parent":0,"menu_order":0,"comment_status":"closed","ping_status":"closed","template":"","meta":{"footnotes":""},"class_list":["post-10102","page","type-page","status-publish","has-post-thumbnail","hentry"],"_links":{"self":[{"href":"https:\/\/www.explorica.com\/blog\/wp-json\/wp\/v2\/pages\/10102","targetHints":{"allow":["GET"]}}],"collection":[{"href":"https:\/\/www.explorica.com\/blog\/wp-json\/wp\/v2\/pages"}],"about":[{"href":"https:\/\/www.explorica.com\/blog\/wp-json\/wp\/v2\/types\/page"}],"author":[{"embeddable":true,"href":"https:\/\/www.explorica.com\/blog\/wp-json\/wp\/v2\/users\/1"}],"replies":[{"embeddable":true,"href":"https:\/\/www.explorica.com\/blog\/wp-json\/wp\/v2\/comments?post=10102"}],"version-history":[{"count":3,"href":"https:\/\/www.explorica.com\/blog\/wp-json\/wp\/v2\/pages\/10102\/revisions"}],"predecessor-version":[{"id":10127,"href":"https:\/\/www.explorica.com\/blog\/wp-json\/wp\/v2\/pages\/10102\/revisions\/10127"}],"wp:featuredmedia":[{"embeddable":true,"href":"https:\/\/www.explorica.com\/blog\/wp-json\/wp\/v2\/media\/10104"}],"wp:attachment":[{"href":"https:\/\/www.explorica.com\/blog\/wp-json\/wp\/v2\/media?parent=10102"}],"curies":[{"name":"wp","href":"https:\/\/api.w.org\/{rel}","templated":true}]}}